{"id":786,"date":"2023-05-22T13:31:15","date_gmt":"2023-05-22T13:31:15","guid":{"rendered":"http:\/\/serrurierpf.indigimarketing.com\/?page_id=786"},"modified":"2023-05-22T13:34:42","modified_gmt":"2023-05-22T13:34:42","slug":"avis","status":"publish","type":"page","link":"https:\/\/serrurierpf.indigimarketing.com\/en\/avis\/","title":{"rendered":"Avis"},"content":{"rendered":"<div data-elementor-type=\"wp-page\" data-elementor-id=\"786\" class=\"elementor elementor-786\">\n\t\t\t\t\t\t\t\t\t<section class=\"elementor-section elementor-top-section elementor-element elementor-element-6e5d4c44 elementor-section-boxed elementor-section-height-default elementor-section-height-default\" data-id=\"6e5d4c44\" data-element_type=\"section\">\n\t\t\t\t\t\t<div class=\"elementor-container elementor-column-gap-default\">\n\t\t\t\t\t<div class=\"elementor-column elementor-col-100 elementor-top-column elementor-element elementor-element-666b8ad0\" data-id=\"666b8ad0\" data-element_type=\"column\">\n\t\t\t<div class=\"elementor-widget-wrap elementor-element-populated\">\n\t\t\t\t\t\t\t\t<div class=\"elementor-element elementor-element-2ee3fdcf elementor-widget elementor-widget-text-editor\" data-id=\"2ee3fdcf\" data-element_type=\"widget\" data-widget_type=\"text-editor.default\">\n\t\t\t\t<div class=\"elementor-widget-container\">\n\t\t\t<style>\/*! elementor - v3.12.2 - 23-04-2023 *\/\n.elementor-widget-text-editor.elementor-drop-cap-view-stacked .elementor-drop-cap{background-color:#69727d;color:#fff}.elementor-widget-text-editor.elementor-drop-cap-view-framed .elementor-drop-cap{color:#69727d;border:3px solid;background-color:transparent}.elementor-widget-text-editor:not(.elementor-drop-cap-view-default) .elementor-drop-cap{margin-top:8px}.elementor-widget-text-editor:not(.elementor-drop-cap-view-default) .elementor-drop-cap-letter{width:1em;height:1em}.elementor-widget-text-editor .elementor-drop-cap{float:left;text-align:center;line-height:1;font-size:50px}.elementor-widget-text-editor .elementor-drop-cap-letter{display:inline-block}<\/style>\t\t\t\t<!-- wp:paragraph -->\n<p><\/p>\n<!-- \/wp:paragraph -->\n\n<!-- wp:paragraph -->\n<p><\/p>\n<!-- \/wp:paragraph -->\n\n<!-- wp:paragraph -->\n<p><\/p>\n<!-- \/wp:paragraph -->\n\n<!-- wp:shortcode -->\n<div class=\"ti-widget ti-goog\" data-layout-id=\"34\" data-set-id=\"light-background-large\" data-pid=\"b5167179c03e50ec942cb\" data-pager-autoplay-timeout=\"6\" > <div class=\"ti-widget-container ti-col-3\"> <div class=\"ti-header source-Google\"> <div class=\"ti-large-logo\"> <div class=\"ti-v-center\"> <img decoding=\"async\" loading=\"lazy\" class=\"ti-logo-fb\" src=\"https:\/\/cdn.trustindex.io\/assets\/platform\/Google\/logo.svg\" width=\"150\" height=\"25\" alt=\"Google\" \/> <\/div> <\/div> <span class=\"ti-stars star-lg\"> <span class=\"ti-star f\"><\/span><span class=\"ti-star f\"><\/span><span class=\"ti-star f\"><\/span><span class=\"ti-star f\"><\/span><span class=\"ti-star f\"><\/span> <\/span> <div class=\"ti-rating-text\"> <span class=\"nowrap\">Based on <strong>116 opinions<\/strong><\/span> <\/div> <\/div> <div class=\"ti-reviews-container\"> <div class=\"ti-controls\"> <div class=\"ti-next\"><\/div> <div class=\"ti-prev\"><\/div> <\/div> <div class=\"ti-reviews-container-wrapper\">  <div data-empty=\"0\" class=\"ti-review-item source-Google\" > <div class=\"ti-inner\"> <div class=\"ti-review-header\"> <div class=\"ti-profile-img\"> <img decoding=\"async\" src=\"https:\/\/lh3.googleusercontent.com\/a-\/ACB-R5S9QHTZ-SALvau1yRLByHsLACd672raH2Ztif8o=s120-c-c-rp-w64-h64-mo-ba3-br100\" alt=\"Shunai Music\" \/> <\/div> <div class=\"ti-profile-details\"> <div class=\"ti-name\"> Shunai Music <\/div> <div class=\"ti-date\">2023-05-20<\/div> <\/div> <\/div> <span class=\"ti-stars\"><span class=\"ti-star f\"><\/span><span class=\"ti-star f\"><\/span><span class=\"ti-star f\"><\/span><span class=\"ti-star f\"><\/span><span class=\"ti-star f\"><\/span><\/span> <div class=\"ti-review-content\"><!-- R-CONTENT -->Thank you very much. A fast, serious and affordable service. Thank you for your honesty, responsiveness and efficiency.<!-- R-CONTENT --><\/div> <span class=\"ti-read-more\" data-container=\".ti-review-content\" data-collapse-text=\"Cacher\" data-open-text=\"Lire la suite\"><\/span> <\/div> <\/div>  <div data-empty=\"0\" class=\"ti-review-item source-Google\" > <div class=\"ti-inner\"> <div class=\"ti-review-header\"> <div class=\"ti-profile-img\"> <img decoding=\"async\" src=\"https:\/\/lh3.googleusercontent.com\/a\/AGNmyxbSRtsyAZDhc4Tb3OLiAGnzZPYzNIMEKVbsPCSs=s120-c-c-rp-w64-h64-mo-br100\" alt=\"Antje Holst\" \/> <\/div> <div class=\"ti-profile-details\"> <div class=\"ti-name\"> Antje Holst <\/div> <div class=\"ti-date\">2023-05-02<\/div> <\/div> <\/div> <span class=\"ti-stars\"><span class=\"ti-star f\"><\/span><span class=\"ti-star f\"><\/span><span class=\"ti-star f\"><\/span><span class=\"ti-star f\"><\/span><span class=\"ti-star f\"><\/span><\/span> <div class=\"ti-review-content\"><!-- R-CONTENT -->Very fast, professional service and a competitive price. I was delighted to see that the locksmith himself sucked out the remains of the broken lock, thank you!<!-- R-CONTENT --><\/div> <span class=\"ti-read-more\" data-container=\".ti-review-content\" data-collapse-text=\"Cacher\" data-open-text=\"Lire la suite\"><\/span> <\/div> <\/div>  <div data-empty=\"0\" class=\"ti-review-item source-Google\" > <div class=\"ti-inner\"> <div class=\"ti-review-header\"> <div class=\"ti-profile-img\"> <img decoding=\"async\" src=\"https:\/\/lh3.googleusercontent.com\/a\/AGNmyxYxx3d0ZAO8MxhTQHH6b9aJIa3wmTvVVbz462JV=s120-c-c-rp-w64-h64-mo-br100\" alt=\"Clara Veillon\" \/> <\/div> <div class=\"ti-profile-details\"> <div class=\"ti-name\"> Clara Veillon <\/div> <div class=\"ti-date\">2023-04-30<\/div> <\/div> <\/div> <span class=\"ti-stars\"><span class=\"ti-star f\"><\/span><span class=\"ti-star f\"><\/span><span class=\"ti-star f\"><\/span><span class=\"ti-star f\"><\/span><span class=\"ti-star f\"><\/span><\/span> <div class=\"ti-review-content\"><!-- R-CONTENT -->Great service, very quick response on a Sunday. Efficient and very reasonable price.<!-- R-CONTENT --><\/div> <span class=\"ti-read-more\" data-container=\".ti-review-content\" data-collapse-text=\"Cacher\" data-open-text=\"Lire la suite\"><\/span> <\/div> <\/div>  <div data-empty=\"0\" class=\"ti-review-item source-Google\" > <div class=\"ti-inner\"> <div class=\"ti-review-header\"> <div class=\"ti-profile-img\"> <img decoding=\"async\" src=\"https:\/\/lh3.googleusercontent.com\/a\/AGNmyxaJ2zl0Cn-ntkKBTTi41VDAK8GFk2T_TKUI8Caq=s120-c-c-rp-w64-h64-mo-ba3-br100\" alt=\"Oren\" \/> <\/div> <div class=\"ti-profile-details\"> <div class=\"ti-name\"> Oren <\/div> <div class=\"ti-date\">2023-04-23<\/div> <\/div> <\/div> <span class=\"ti-stars\"><span class=\"ti-star f\"><\/span><span class=\"ti-star f\"><\/span><span class=\"ti-star f\"><\/span><span class=\"ti-star f\"><\/span><span class=\"ti-star f\"><\/span><\/span> <div class=\"ti-review-content\"><!-- R-CONTENT -->Precio caro, pero te avisan antes. Es el \u00fanico cerrajero de Luxemburgo que me cogi\u00f3 el tel\u00e9fono y me dio servicio a las 4AM. Llegaron en 30min como me dijeron y abrieron la puerta. Han sido muy profesionales, transparentes y eficaces. Pese a no poder comunicarnos muy bien por hablar distinto idiomas, el tecnico fue muy agradable en todo momento.<!-- R-CONTENT --><\/div> <span class=\"ti-read-more\" data-container=\".ti-review-content\" data-collapse-text=\"Cacher\" data-open-text=\"Lire la suite\"><\/span> <\/div> <\/div>  <div data-empty=\"0\" class=\"ti-review-item source-Google\" > <div class=\"ti-inner\"> <div class=\"ti-review-header\"> <div class=\"ti-profile-img\"> <img decoding=\"async\" src=\"https:\/\/lh3.googleusercontent.com\/a\/AGNmyxbNxrJ5r4OZTJ7-7GWtqTw-3bBK2H43tAbDJ_N-=s120-c-c-rp-w64-h64-mo-br100\" alt=\"Tarik Kadiri\" \/> <\/div> <div class=\"ti-profile-details\"> <div class=\"ti-name\"> Tarik Kadiri <\/div> <div class=\"ti-date\">2023-04-11<\/div> <\/div> <\/div> <span class=\"ti-stars\"><span class=\"ti-star f\"><\/span><span class=\"ti-star f\"><\/span><span class=\"ti-star f\"><\/span><span class=\"ti-star f\"><\/span><span class=\"ti-star f\"><\/span><\/span> <div class=\"ti-review-content\"><!-- R-CONTENT -->Serious, punctual and the price is correct for the urgency and compared to other crooks in the business.\nThank you for your seriousness.<!-- R-CONTENT --><\/div> <span class=\"ti-read-more\" data-container=\".ti-review-content\" data-collapse-text=\"Cacher\" data-open-text=\"Lire la suite\"><\/span> <\/div> <\/div>  <div data-empty=\"0\" class=\"ti-review-item source-Google\" > <div class=\"ti-inner\"> <div class=\"ti-review-header\"> <div class=\"ti-profile-img\"> <img decoding=\"async\" src=\"https:\/\/lh3.googleusercontent.com\/a\/AGNmyxYu4jaO4jX-nvdpRQG33d9mvRWplkK0NI5_E2Ed=s120-c-c-rp-w64-h64-mo-br100\" alt=\"C\u00e9lia Bar\" \/> <\/div> <div class=\"ti-profile-details\"> <div class=\"ti-name\"> C\u00e9lia Bar <\/div> <div class=\"ti-date\">2023-04-08<\/div> <\/div> <\/div> <span class=\"ti-stars\"><span class=\"ti-star f\"><\/span><span class=\"ti-star f\"><\/span><span class=\"ti-star f\"><\/span><span class=\"ti-star f\"><\/span><span class=\"ti-star f\"><\/span><\/span> <div class=\"ti-review-content\"><!-- R-CONTENT -->Very good locksmith! I recommend, fast and efficient.<!-- R-CONTENT --><\/div> <span class=\"ti-read-more\" data-container=\".ti-review-content\" data-collapse-text=\"Cacher\" data-open-text=\"Lire la suite\"><\/span> <\/div> <\/div>  <div data-empty=\"0\" class=\"ti-review-item source-Google\" > <div class=\"ti-inner\"> <div class=\"ti-review-header\"> <div class=\"ti-profile-img\"> <img decoding=\"async\" src=\"https:\/\/lh3.googleusercontent.com\/a\/AGNmyxbO-t3iHrCui0KyrEjGK2S9NQZz9EvcJhKoc0na=s120-c-c-rp-w64-h64-mo-br100\" alt=\"Michele Barbieri\" \/> <\/div> <div class=\"ti-profile-details\"> <div class=\"ti-name\"> Michele Barbieri <\/div> <div class=\"ti-date\">2023-03-31<\/div> <\/div> <\/div> <span class=\"ti-stars\"><span class=\"ti-star f\"><\/span><span class=\"ti-star f\"><\/span><span class=\"ti-star f\"><\/span><span class=\"ti-star f\"><\/span><span class=\"ti-star f\"><\/span><\/span> <div class=\"ti-review-content\"><!-- R-CONTENT -->Fast, professional, honest.<!-- R-CONTENT --><\/div> <span class=\"ti-read-more\" data-container=\".ti-review-content\" data-collapse-text=\"Cacher\" data-open-text=\"Lire la suite\"><\/span> <\/div> <\/div>  <div data-empty=\"0\" class=\"ti-review-item source-Google\" > <div class=\"ti-inner\"> <div class=\"ti-review-header\"> <div class=\"ti-profile-img\"> <img decoding=\"async\" src=\"https:\/\/lh3.googleusercontent.com\/a-\/ACB-R5QhMR4zPR6snN3MNJqwb6wpGeI9_9VPmqXf1eeTxA=s120-c-c-rp-w64-h64-mo-br100\" alt=\"Charlene\" \/> <\/div> <div class=\"ti-profile-details\"> <div class=\"ti-name\"> Charlene <\/div> <div class=\"ti-date\">2023-03-13<\/div> <\/div> <\/div> <span class=\"ti-stars\"><span class=\"ti-star f\"><\/span><span class=\"ti-star f\"><\/span><span class=\"ti-star f\"><\/span><span class=\"ti-star f\"><\/span><span class=\"ti-star f\"><\/span><\/span> <div class=\"ti-review-content\"><!-- R-CONTENT -->A big thank you to the company P\u00e8re &amp; fils for your honest prices and your reactivity.<!-- R-CONTENT --><\/div> <span class=\"ti-read-more\" data-container=\".ti-review-content\" data-collapse-text=\"Cacher\" data-open-text=\"Lire la suite\"><\/span> <\/div> <\/div>  <div data-empty=\"0\" class=\"ti-review-item source-Google\" > <div class=\"ti-inner\"> <div class=\"ti-review-header\"> <div class=\"ti-profile-img\"> <img decoding=\"async\" src=\"https:\/\/lh3.googleusercontent.com\/a-\/ACB-R5SyDEGh7o-tVvM3-smqxI-j67kMm-J5HLNTs_glUA=s120-c-c-rp-w64-h64-mo-br100\" alt=\"Luisa maria oliveira santos\" \/> <\/div> <div class=\"ti-profile-details\"> <div class=\"ti-name\"> Luisa maria oliveira santos <\/div> <div class=\"ti-date\">2023-02-24<\/div> <\/div> <\/div> <span class=\"ti-stars\"><span class=\"ti-star f\"><\/span><span class=\"ti-star f\"><\/span><span class=\"ti-star f\"><\/span><span class=\"ti-star f\"><\/span><span class=\"ti-star f\"><\/span><\/span> <div class=\"ti-review-content\"><!-- R-CONTENT -->I would like to thank you very much for your efficient and fast service. I will have a great weekend thanks to you. I strongly recommend<!-- R-CONTENT --><\/div> <span class=\"ti-read-more\" data-container=\".ti-review-content\" data-collapse-text=\"Cacher\" data-open-text=\"Lire la suite\"><\/span> <\/div> <\/div>  <\/div> <div class=\"ti-controls-dots\"> <div class=\"dot active\"><\/div> <\/div> <\/div> <\/div> <\/div>\n<!-- \/wp:shortcode -->\t\t\t\t\t\t<\/div>\n\t\t\t\t<\/div>\n\t\t\t\t\t<\/div>\n\t\t<\/div>\n\t\t\t\t\t\t\t<\/div>\n\t\t<\/section>\n\t\t\t\t\t\t\t<\/div>","protected":false},"excerpt":{"rendered":"","protected":false},"author":1,"featured_media":0,"parent":0,"menu_order":0,"comment_status":"closed","ping_status":"closed","template":"elementor_header_footer","meta":[],"_links":{"self":[{"href":"https:\/\/serrurierpf.indigimarketing.com\/en\/wp-json\/wp\/v2\/pages\/786"}],"collection":[{"href":"https:\/\/serrurierpf.indigimarketing.com\/en\/wp-json\/wp\/v2\/pages"}],"about":[{"href":"https:\/\/serrurierpf.indigimarketing.com\/en\/wp-json\/wp\/v2\/types\/page"}],"author":[{"embeddable":true,"href":"https:\/\/serrurierpf.indigimarketing.com\/en\/wp-json\/wp\/v2\/users\/1"}],"replies":[{"embeddable":true,"href":"https:\/\/serrurierpf.indigimarketing.com\/en\/wp-json\/wp\/v2\/comments?post=786"}],"version-history":[{"count":13,"href":"https:\/\/serrurierpf.indigimarketing.com\/en\/wp-json\/wp\/v2\/pages\/786\/revisions"}],"predecessor-version":[{"id":800,"href":"https:\/\/serrurierpf.indigimarketing.com\/en\/wp-json\/wp\/v2\/pages\/786\/revisions\/800"}],"wp:attachment":[{"href":"https:\/\/serrurierpf.indigimarketing.com\/en\/wp-json\/wp\/v2\/media?parent=786"}],"curies":[{"name":"wp","href":"https:\/\/api.w.org\/{rel}","templated":true}]}}